{"id":394,"date":"2020-06-22T22:12:29","date_gmt":"2020-06-22T20:12:29","guid":{"rendered":"http:\/\/www.schneider-prevention.fr\/?page_id=394"},"modified":"2020-07-15T19:04:17","modified_gmt":"2020-07-15T17:04:17","slug":"394-2","status":"publish","type":"page","link":"https:\/\/www.schneider-prevention.fr\/index.php\/394-2\/","title":{"rendered":"MAC formateur SST"},"content":{"rendered":"<p>[et_pb_section fb_built=\u00a0\u00bb1&Prime; _builder_version=\u00a0\u00bb4.4.8&Prime; custom_padding=\u00a0\u00bb0px|||56px||\u00a0\u00bb][et_pb_row _builder_version=\u00a0\u00bb4.4.8&Prime;][et_pb_column type=\u00a0\u00bb4_4&Prime; _builder_version=\u00a0\u00bb4.4.8&Prime;][et_pb_text _builder_version=\u00a0\u00bb4.4.8&Prime; background_color=\u00a0\u00bb#e02b20&Prime;]<\/p>\n<h1><strong><span style=\"color: #000000;\">MAC Formateur SST<\/span><\/strong><\/h1>\n<h4><strong><em><span style=\"color: #000000;\">Maintenir et actualiser ses comp\u00e9tences de formateur en sauvetage secourisme du travail<\/span><\/em><\/strong><\/h4>\n<p>[\/et_pb_text][\/et_pb_column][\/et_pb_row][et_pb_row column_structure=\u00a0\u00bb1_2,1_2&Prime; _builder_version=\u00a0\u00bb4.4.8&Prime;][et_pb_column type=\u00a0\u00bb1_2&Prime; _builder_version=\u00a0\u00bb4.4.8&Prime;][et_pb_image src=\u00a0\u00bbhttps:\/\/www.schneider-prevention.fr\/wp-content\/uploads\/2020\/06\/logo-Fo-SST.png\u00a0\u00bb title_text=\u00a0\u00bblogo Fo SST\u00a0\u00bb align=\u00a0\u00bbcenter\u00a0\u00bb _builder_version=\u00a0\u00bb4.4.8&Prime; width=\u00a0\u00bb50%\u00a0\u00bb][\/et_pb_image][\/et_pb_column][et_pb_column type=\u00a0\u00bb1_2&Prime; _builder_version=\u00a0\u00bb4.4.8&Prime;][et_pb_text _builder_version=\u00a0\u00bb4.4.8&Prime; custom_padding=\u00a0\u00bb|2px||2px|false|false\u00a0\u00bb]<\/p>\n<h4 style=\"text-align: center;\"><span style=\"color: #000000;\"><strong>Le formateur SST :<\/strong><\/span><\/h4>\n<p><span style=\"color: #000000;\"><em>\u2022 assure la formation initiale, le maintien et l\u2019actualisation des comp\u00e9tences et le suivi des SST dans le respect des exigences du pr\u00e9sent document de r\u00e9f\u00e9rence ;<\/em><\/span><\/p>\n<p><span style=\"color: #000000;\"><em>\u2022 d\u00e9veloppe, au travers de la formation qu\u2019il assure, les th\u00e8mes relatifs \u00e0 la pr\u00e9vention des risques professionnels, rendant les SST plus conscients des causes de l\u2019accident, plus motiv\u00e9s \u00e0 faire progresser la pr\u00e9vention dans l\u2019entreprise ;<\/em><\/span><\/p>\n<p><span style=\"color: #000000;\"><em>\u2022 adapte, le cas \u00e9ch\u00e9ant, une partie de la formation aux risques sp\u00e9cifiques de(s) l&rsquo;\u00e9tablissement(s) ou du(des) m\u00e9tier(s), en association avec le m\u00e9decin du travail.<\/em><\/span><\/p>\n<p>[\/et_pb_text][\/et_pb_column][\/et_pb_row][et_pb_row column_structure=\u00a0\u00bb1_2,1_2&Prime; _builder_version=\u00a0\u00bb4.4.8&Prime; width=\u00a0\u00bb90.3%\u00a0\u00bb module_alignment=\u00a0\u00bbcenter\u00a0\u00bb custom_margin=\u00a0\u00bb|412px||auto||\u00a0\u00bb custom_padding=\u00a0\u00bb||27px|||\u00a0\u00bb border_width_all=\u00a0\u00bb3px\u00a0\u00bb][et_pb_column type=\u00a0\u00bb1_2&Prime; _builder_version=\u00a0\u00bb4.4.8&Prime;][et_pb_text _builder_version=\u00a0\u00bb4.4.8&Prime; text_font_size=\u00a0\u00bb16px\u00a0\u00bb text_orientation=\u00a0\u00bbcenter\u00a0\u00bb custom_margin=\u00a0\u00bb||6px|||\u00a0\u00bb custom_padding=\u00a0\u00bb||0px|||\u00a0\u00bb]<\/p>\n<p><span style=\"color: #000000;\"><em><span style=\"text-decoration: underline;\"><span>Pr\u00e9requis:<\/span><\/span><\/em><\/span><\/p>\n<p><span style=\"color: #000000;\">\u00catre titulaire du certificat de \u00ab Formateur SST \u00bb d\u00e9livr\u00e9 par une entit\u00e9 habilit\u00e9e.<\/span><\/p>\n<p><span style=\"color: #000000;\">\u00a0<\/span><\/p>\n<p>[\/et_pb_text][et_pb_text _builder_version=\u00a0\u00bb4.4.8&Prime; text_font_size=\u00a0\u00bb16px\u00a0\u00bb text_orientation=\u00a0\u00bbcenter\u00a0\u00bb min_height=\u00a0\u00bb40px\u00a0\u00bb]<\/p>\n<p><span style=\"color: #000000;\"><em><span style=\"text-decoration: underline;\">Dur\u00e9e<\/span> :<\/em><\/span><\/p>\n<p><span style=\"color: #000000;\"><em><strong>21 heures<\/strong> en pr\u00e9sentiel<\/em><\/span><\/p>\n<p>[\/et_pb_text][et_pb_text _builder_version=\u00a0\u00bb4.4.8&Prime; text_font_size=\u00a0\u00bb16px\u00a0\u00bb]<\/p>\n<p style=\"text-align: center;\"><span style=\"color: #000000;\"><em><span style=\"text-decoration: underline;\">Effectif :<\/span><\/em><\/span><\/p>\n<p style=\"text-align: center;\"><span style=\"color: #000000;\"><em>De<strong> 5<\/strong> personnes minimum \u00e0 <strong>10<\/strong> personnes maximum pour que la session se d\u00e9roule.<\/em><\/span><\/p>\n<p>[\/et_pb_text][\/et_pb_column][et_pb_column type=\u00a0\u00bb1_2&Prime; _builder_version=\u00a0\u00bb4.4.8&Prime;][et_pb_text _builder_version=\u00a0\u00bb4.4.8&Prime;]<\/p>\n<h4 style=\"text-align: center;\"><strong><span style=\"color: #000000;\">Les comp\u00e9tences du formateur SST :<br \/><\/span><\/strong><\/h4>\n<p>[\/et_pb_text][et_pb_image src=\u00a0\u00bbhttps:\/\/www.schneider-prevention.fr\/wp-content\/uploads\/2020\/07\/comp\u00e9tences-FOSST.png\u00a0\u00bb title_text=\u00a0\u00bbcomp\u00e9tences FOSST\u00a0\u00bb _builder_version=\u00a0\u00bb4.4.8&Prime;][\/et_pb_image][\/et_pb_column][\/et_pb_row][et_pb_row column_structure=\u00a0\u00bb1_3,1_3,1_3&Prime; _builder_version=\u00a0\u00bb4.4.8&Prime;][et_pb_column type=\u00a0\u00bb1_3&Prime; _builder_version=\u00a0\u00bb4.4.8&Prime;][et_pb_circle_counter title=\u00a0\u00bbTaux de r\u00e9ussite de nos stagiaires sur cette formation\u00a0\u00bb number=\u00a0\u00bb100&Prime; bar_bg_color=\u00a0\u00bb#7cda24&Prime; circle_color=\u00a0\u00bb#e02b20&Prime; _builder_version=\u00a0\u00bb4.4.8&Prime; title_text_color=\u00a0\u00bb#000000&Prime; background_color=\u00a0\u00bb#ffffff\u00a0\u00bb][\/et_pb_circle_counter][\/et_pb_column][et_pb_column type=\u00a0\u00bb1_3&Prime; _builder_version=\u00a0\u00bb4.4.8&Prime;][et_pb_circle_counter title=\u00a0\u00bbTaux de satisfaction p\u00e9dagogique de nos stagiaires sur cette formation (Animation, documents et contenus)\u00a0\u00bb number=\u00a0\u00bb98&Prime; bar_bg_color=\u00a0\u00bb#7cda24&Prime; circle_color=\u00a0\u00bb#e02b20&Prime; _builder_version=\u00a0\u00bb4.4.8&Prime; title_text_color=\u00a0\u00bb#000000&Prime; background_color=\u00a0\u00bb#ffffff\u00a0\u00bb][\/et_pb_circle_counter][\/et_pb_column][et_pb_column type=\u00a0\u00bb1_3&Prime; _builder_version=\u00a0\u00bb4.4.8&Prime;][et_pb_circle_counter title=\u00a0\u00bbTaux de satisfaction logistique de nos stagiaires sur cette formation (Accueil, H\u00e9bergement et Restauration)\u00a0\u00bb number=\u00a0\u00bb98&Prime; bar_bg_color=\u00a0\u00bb#7cda24&Prime; circle_color=\u00a0\u00bb#e02b20&Prime; _builder_version=\u00a0\u00bb4.4.8&Prime; title_text_color=\u00a0\u00bb#000000&Prime; background_color=\u00a0\u00bb#ffffff\u00a0\u00bb][\/et_pb_circle_counter][\/et_pb_column][\/et_pb_row][et_pb_row column_structure=\u00a0\u00bb1_3,1_3,1_3&Prime; _builder_version=\u00a0\u00bb4.4.8&Prime;][et_pb_column type=\u00a0\u00bb1_3&Prime; _builder_version=\u00a0\u00bb4.4.8&Prime;][et_pb_text _builder_version=\u00a0\u00bb4.4.8&Prime; text_font_size=\u00a0\u00bb16px\u00a0\u00bb custom_padding=\u00a0\u00bb0px|2px||2px|false|false\u00a0\u00bb]<\/p>\n<p style=\"text-align: center;\"><span style=\"text-decoration: underline;\"><strong>La certification des comp\u00e9tences :<\/strong><\/span><\/p>\n<p><strong>La validit\u00e9 de ce certificat est fix\u00e9e \u00e0 trois ans,<\/strong> et la prolongation de celle-ci est conditionn\u00e9e par le suivi d\u2019un stage \u00ab <strong>Maintien et Actualisation des Comp\u00e9tences \u00bb (MAC) tous les 36 mois,<\/strong> ainsi qu\u2019\u00e0 la r\u00e9ussite aux \u00e9preuves certificatives.<\/p>\n<p>Un formateur SST dont la date de fin de validit\u00e9 de son certificat est d\u00e9pass\u00e9e ne peut plus exercer en tant que formateur SST.<\/p>\n<p>Il peut n\u00e9anmoins suivre un MAC pour recouvrer sa certification sous r\u00e9serve que le d\u00e9lai entre la date limite de validit\u00e9 et le MAC ne porte pas pr\u00e9judice a priori \u00e0 la r\u00e9ussite aux \u00e9preuves certificatives.<\/p>\n<p>Dans le cas contraire, il est conseill\u00e9 de suivre de nouveau une formation initiale.<\/p>\n<p>[\/et_pb_text][\/et_pb_column][et_pb_column type=\u00a0\u00bb1_3&Prime; _builder_version=\u00a0\u00bb4.4.8&Prime;][et_pb_text _builder_version=\u00a0\u00bb4.4.8&Prime; text_font_size=\u00a0\u00bb16px\u00a0\u00bb custom_margin=\u00a0\u00bb-7px|8px||||\u00a0\u00bb custom_padding=\u00a0\u00bb6px|2px||2px|false|false\u00a0\u00bb]<\/p>\n<p style=\"text-align: center;\"><span style=\"text-decoration: underline;\"><strong>Epreuves certificatives :<\/strong><\/span><\/p>\n<p>En vue de l\u2019obtention du certificat de FO SST, 2 \u00e9preuves certificatives sont organis\u00e9es de fa\u00e7on \u00e0 permettre une \u00e9valuation distincte de chaque comp\u00e9tence :<\/p>\n<p>Le certificat est obtenu d\u00e8s lors que <strong>l\u2019ensemble des 7 comp\u00e9tences sont acquises<\/strong> selon les crit\u00e8res de la grille de certification.<\/p>\n<p>[\/et_pb_text][et_pb_image src=\u00a0\u00bbhttps:\/\/www.schneider-prevention.fr\/wp-content\/uploads\/2020\/07\/EC-MACFOSST.png\u00a0\u00bb title_text=\u00a0\u00bbEC MACFOSST\u00a0\u00bb _builder_version=\u00a0\u00bb4.4.8&Prime; custom_margin=\u00a0\u00bb-34px|||||\u00a0\u00bb custom_padding=\u00a0\u00bb0px|||||\u00a0\u00bb][\/et_pb_image][\/et_pb_column][et_pb_column type=\u00a0\u00bb1_3&Prime; _builder_version=\u00a0\u00bb4.4.8&Prime;][et_pb_text _builder_version=\u00a0\u00bb4.4.8&Prime; custom_padding=\u00a0\u00bb|2px||2px|false|false\u00a0\u00bb]<\/p>\n<p style=\"text-align: center;\"><span style=\"text-decoration: underline;\"><strong>Equivalences :<\/strong><\/span><\/p>\n<p>Conform\u00e9ment \u00e0 l\u2019arr\u00eat\u00e9 du 20 ao\u00fbt 2018 modifiant l\u2019arr\u00eat\u00e9 du 8 ao\u00fbt 2012 fixant le r\u00e9f\u00e9rentiel national de comp\u00e9tences de s\u00e9curit\u00e9 civile relatif \u00e0 l\u2019unit\u00e9 d\u2019enseignement \u00ab p\u00e9dagogie initiale et commune de formateur \u00bb, les titulaires d\u2019un certificat de formateur SST sont titulaires, par \u00e9quivalence, de l\u2019unit\u00e9 d\u2019enseignement \u00ab p\u00e9dagogie initiale et commune de formateur \u00bb (PICF). En cons\u00e9quence et conform\u00e9ment \u00e0 l\u2019arr\u00eat\u00e9 du 20 ao\u00fbt 2018 modifiant l\u2019arr\u00eat\u00e9 du 3 septembre 2012 fixant le r\u00e9f\u00e9rentiel national de comp\u00e9tences de s\u00e9curit\u00e9 civile relatif \u00e0 l&rsquo;unit\u00e9 d&rsquo;enseignement \u00ab p\u00e9dagogie appliqu\u00e9e \u00e0 l&#8217;emploi de formateur aux premiers secours \u00bb (PAE FPS), un formateur SST peut suivre un processus p\u00e9dagogique adapt\u00e9 mis en \u0153uvre par le dispensateur de la formation pour devenir formateur aux premiers secours.<\/p>\n<p>[\/et_pb_text][\/et_pb_column][\/et_pb_row][et_pb_row _builder_version=\u00a0\u00bb4.4.8&Prime;][et_pb_column type=\u00a0\u00bb4_4&Prime; _builder_version=\u00a0\u00bb4.4.8&Prime;][et_pb_divider _builder_version=\u00a0\u00bb4.4.8&Prime;][\/et_pb_divider][\/et_pb_column][\/et_pb_row][et_pb_row column_structure=\u00a0\u00bb1_3,1_3,1_3&Prime; _builder_version=\u00a0\u00bb4.4.8&Prime;][et_pb_column type=\u00a0\u00bb1_3&Prime; _builder_version=\u00a0\u00bb4.4.8&Prime;][et_pb_text _builder_version=\u00a0\u00bb4.4.8&Prime; background_color=\u00a0\u00bb#ccf0ff\u00a0\u00bb]<\/p>\n<p><span style=\"text-decoration: underline;\"><span style=\"color: #000000; text-decoration: underline;\">Prochaine session sur Kourou :<\/span><\/span><\/p>\n<p><span style=\"color: #000000;\">MAC FOSST2020-003:<\/span><\/p>\n<ul>\n<li><span style=\"color: #000000;\">du\u00a0 14 au 16 septembre 2020<\/span><\/li>\n<\/ul>\n<p>[\/et_pb_text][\/et_pb_column][et_pb_column type=\u00a0\u00bb1_3&Prime; _builder_version=\u00a0\u00bb4.4.8&Prime;][et_pb_text _builder_version=\u00a0\u00bb4.4.8&Prime; background_color=\u00a0\u00bb#ccfcff\u00a0\u00bb]<\/p>\n<p><span style=\"text-decoration: underline;\"><span style=\"color: #000000; text-decoration: underline;\">Prochaine session sur Matoury:<\/span><\/span><\/p>\n<p><span style=\"color: #000000;\">MAC FOSST2020-006 :<\/span><\/p>\n<ul>\n<li><span style=\"color: #000000;\">du 7 au 9 d\u00e9cembre 2020<\/span><\/li>\n<\/ul>\n<p>[\/et_pb_text][\/et_pb_column][et_pb_column type=\u00a0\u00bb1_3&Prime; _builder_version=\u00a0\u00bb4.4.8&Prime;][et_pb_text _builder_version=\u00a0\u00bb4.4.8&Prime; background_color=\u00a0\u00bb#fc9569&Prime;]<\/p>\n<p><span style=\"text-decoration: underline;\"><span style=\"color: #000000; text-decoration: underline;\">Prochaine session sur Orl\u00e9ans :<\/span><\/span><\/p>\n<p><span style=\"color: #000000;\">MAC FOSST2020-005 :<\/span><\/p>\n<ul>\n<li><span style=\"color: #000000;\">du 16 au 18 d\u00e9cembre 2020<\/span><\/li>\n<\/ul>\n<p>[\/et_pb_text][\/et_pb_column][\/et_pb_row][et_pb_row _builder_version=\u00a0\u00bb4.4.8&Prime;][et_pb_column type=\u00a0\u00bb4_4&Prime; _builder_version=\u00a0\u00bb4.4.8&Prime;][et_pb_divider _builder_version=\u00a0\u00bb4.4.8&Prime;][\/et_pb_divider][\/et_pb_column][\/et_pb_row][et_pb_row column_structure=\u00a0\u00bb1_3,1_3,1_3&Prime; _builder_version=\u00a0\u00bb4.4.8&Prime;][et_pb_column type=\u00a0\u00bb1_3&Prime; _builder_version=\u00a0\u00bb4.4.8&Prime;][et_pb_image src=\u00a0\u00bbhttps:\/\/www.schneider-prevention.fr\/wp-content\/uploads\/2020\/06\/uniquement-en-Guyane.png\u00a0\u00bb title_text=\u00a0\u00bbuniquement en Guyane\u00a0\u00bb _builder_version=\u00a0\u00bb4.4.8&Prime; width=\u00a0\u00bb43%\u00a0\u00bb module_alignment=\u00a0\u00bbcenter\u00a0\u00bb][\/et_pb_image][\/et_pb_column][et_pb_column type=\u00a0\u00bb1_3&Prime; _builder_version=\u00a0\u00bb4.4.8&Prime;][et_pb_text _builder_version=\u00a0\u00bb4.4.8&Prime; hover_enabled=\u00a0\u00bb0&Prime;]<\/p>\n<p style=\"text-align: center;\">Cliquez pour t\u00e9l\u00e9charger la plaquette :<\/p>\n<p style=\"text-align: center;\"><a href=\"https:\/\/www.schneider-prevention.fr\/wp-content\/uploads\/2020\/07\/Programme-MAC-Formateur-SST.pdf\" rel=\"attachment wp-att-936\">Programme MAC Formateur SST<\/a><\/p>\n<p>[\/et_pb_text][\/et_pb_column][et_pb_column type=\u00a0\u00bb1_3&Prime; _builder_version=\u00a0\u00bb4.4.8&Prime;][et_pb_contact_form email=\u00a0\u00bbcontact@schneider-prevention.fr\u00a0\u00bb custom_message=\u00a0\u00bbNous revenons vers vous dans les plus brefs d\u00e9lais.||et_pb_line_break_holder||Cordialement.||et_pb_line_break_holder||L&rsquo;\u00e9quipe de Schneider Pr\u00e9vention\u00a0\u00bb _builder_version=\u00a0\u00bb4.4.8&Prime;][et_pb_contact_field field_id=\u00a0\u00bbName\u00a0\u00bb field_title=\u00a0\u00bbNom\u00a0\u00bb _builder_version=\u00a0\u00bb3.16&Prime; button_text_size__hover_enabled=\u00a0\u00bboff\u00a0\u00bb button_one_text_size__hover_enabled=\u00a0\u00bboff\u00a0\u00bb button_two_text_size__hover_enabled=\u00a0\u00bboff\u00a0\u00bb button_text_color__hover_enabled=\u00a0\u00bboff\u00a0\u00bb button_one_text_color__hover_enabled=\u00a0\u00bboff\u00a0\u00bb button_two_text_color__hover_enabled=\u00a0\u00bboff\u00a0\u00bb button_border_width__hover_enabled=\u00a0\u00bboff\u00a0\u00bb button_one_border_width__hover_enabled=\u00a0\u00bboff\u00a0\u00bb button_two_border_width__hover_enabled=\u00a0\u00bboff\u00a0\u00bb button_border_color__hover_enabled=\u00a0\u00bboff\u00a0\u00bb button_one_border_color__hover_enabled=\u00a0\u00bboff\u00a0\u00bb button_two_border_color__hover_enabled=\u00a0\u00bboff\u00a0\u00bb button_border_radius__hover_enabled=\u00a0\u00bboff\u00a0\u00bb button_one_border_radius__hover_enabled=\u00a0\u00bboff\u00a0\u00bb button_two_border_radius__hover_enabled=\u00a0\u00bboff\u00a0\u00bb button_letter_spacing__hover_enabled=\u00a0\u00bboff\u00a0\u00bb button_one_letter_spacing__hover_enabled=\u00a0\u00bboff\u00a0\u00bb button_two_letter_spacing__hover_enabled=\u00a0\u00bboff\u00a0\u00bb button_bg_color__hover_enabled=\u00a0\u00bboff\u00a0\u00bb button_one_bg_color__hover_enabled=\u00a0\u00bboff\u00a0\u00bb button_two_bg_color__hover_enabled=\u00a0\u00bboff\u00a0\u00bb][\/et_pb_contact_field][et_pb_contact_field field_id=\u00a0\u00bbEmail\u00a0\u00bb field_title=\u00a0\u00bbAdresse e-mail\u00a0\u00bb field_type=\u00a0\u00bbemail\u00a0\u00bb _builder_version=\u00a0\u00bb3.16&Prime; button_text_size__hover_enabled=\u00a0\u00bboff\u00a0\u00bb button_one_text_size__hover_enabled=\u00a0\u00bboff\u00a0\u00bb button_two_text_size__hover_enabled=\u00a0\u00bboff\u00a0\u00bb button_text_color__hover_enabled=\u00a0\u00bboff\u00a0\u00bb button_one_text_color__hover_enabled=\u00a0\u00bboff\u00a0\u00bb button_two_text_color__hover_enabled=\u00a0\u00bboff\u00a0\u00bb button_border_width__hover_enabled=\u00a0\u00bboff\u00a0\u00bb button_one_border_width__hover_enabled=\u00a0\u00bboff\u00a0\u00bb button_two_border_width__hover_enabled=\u00a0\u00bboff\u00a0\u00bb button_border_color__hover_enabled=\u00a0\u00bboff\u00a0\u00bb button_one_border_color__hover_enabled=\u00a0\u00bboff\u00a0\u00bb button_two_border_color__hover_enabled=\u00a0\u00bboff\u00a0\u00bb button_border_radius__hover_enabled=\u00a0\u00bboff\u00a0\u00bb button_one_border_radius__hover_enabled=\u00a0\u00bboff\u00a0\u00bb button_two_border_radius__hover_enabled=\u00a0\u00bboff\u00a0\u00bb button_letter_spacing__hover_enabled=\u00a0\u00bboff\u00a0\u00bb button_one_letter_spacing__hover_enabled=\u00a0\u00bboff\u00a0\u00bb button_two_letter_spacing__hover_enabled=\u00a0\u00bboff\u00a0\u00bb button_bg_color__hover_enabled=\u00a0\u00bboff\u00a0\u00bb button_one_bg_color__hover_enabled=\u00a0\u00bboff\u00a0\u00bb button_two_bg_color__hover_enabled=\u00a0\u00bboff\u00a0\u00bb][\/et_pb_contact_field][et_pb_contact_field field_id=\u00a0\u00bbMessage\u00a0\u00bb field_title=\u00a0\u00bbMessage\u00a0\u00bb field_type=\u00a0\u00bbtext\u00a0\u00bb fullwidth_field=\u00a0\u00bbon\u00a0\u00bb _builder_version=\u00a0\u00bb3.16&Prime; button_text_size__hover_enabled=\u00a0\u00bboff\u00a0\u00bb button_one_text_size__hover_enabled=\u00a0\u00bboff\u00a0\u00bb button_two_text_size__hover_enabled=\u00a0\u00bboff\u00a0\u00bb button_text_color__hover_enabled=\u00a0\u00bboff\u00a0\u00bb button_one_text_color__hover_enabled=\u00a0\u00bboff\u00a0\u00bb button_two_text_color__hover_enabled=\u00a0\u00bboff\u00a0\u00bb button_border_width__hover_enabled=\u00a0\u00bboff\u00a0\u00bb button_one_border_width__hover_enabled=\u00a0\u00bboff\u00a0\u00bb button_two_border_width__hover_enabled=\u00a0\u00bboff\u00a0\u00bb button_border_color__hover_enabled=\u00a0\u00bboff\u00a0\u00bb button_one_border_color__hover_enabled=\u00a0\u00bboff\u00a0\u00bb button_two_border_color__hover_enabled=\u00a0\u00bboff\u00a0\u00bb button_border_radius__hover_enabled=\u00a0\u00bboff\u00a0\u00bb button_one_border_radius__hover_enabled=\u00a0\u00bboff\u00a0\u00bb button_two_border_radius__hover_enabled=\u00a0\u00bboff\u00a0\u00bb button_letter_spacing__hover_enabled=\u00a0\u00bboff\u00a0\u00bb button_one_letter_spacing__hover_enabled=\u00a0\u00bboff\u00a0\u00bb button_two_letter_spacing__hover_enabled=\u00a0\u00bboff\u00a0\u00bb button_bg_color__hover_enabled=\u00a0\u00bboff\u00a0\u00bb button_one_bg_color__hover_enabled=\u00a0\u00bboff\u00a0\u00bb button_two_bg_color__hover_enabled=\u00a0\u00bboff\u00a0\u00bb][\/et_pb_contact_field][\/et_pb_contact_form][\/et_pb_column][\/et_pb_row][\/et_pb_section]<\/p>\n","protected":false},"excerpt":{"rendered":"<p>MAC Formateur SST Maintenir et actualiser ses comp\u00e9tences de formateur en sauvetage secourisme du travailLe formateur SST : \u2022 assure la formation initiale, le maintien et l\u2019actualisation des comp\u00e9tences et le suivi des SST dans le respect des exigences du pr\u00e9sent document de r\u00e9f\u00e9rence ; \u2022 d\u00e9veloppe, au travers de la formation qu\u2019il assure, les [&hellip;]<\/p>\n","protected":false},"author":2,"featured_media":0,"parent":0,"menu_order":0,"comment_status":"closed","ping_status":"closed","template":"","meta":{"_et_pb_use_builder":"on","_et_pb_old_content":"","_et_gb_content_width":"","footnotes":""},"class_list":["post-394","page","type-page","status-publish","hentry"],"_links":{"self":[{"href":"https:\/\/www.schneider-prevention.fr\/index.php\/wp-json\/wp\/v2\/pages\/394","targetHints":{"allow":["GET"]}}],"collection":[{"href":"https:\/\/www.schneider-prevention.fr\/index.php\/wp-json\/wp\/v2\/pages"}],"about":[{"href":"https:\/\/www.schneider-prevention.fr\/index.php\/wp-json\/wp\/v2\/types\/page"}],"author":[{"embeddable":true,"href":"https:\/\/www.schneider-prevention.fr\/index.php\/wp-json\/wp\/v2\/users\/2"}],"replies":[{"embeddable":true,"href":"https:\/\/www.schneider-prevention.fr\/index.php\/wp-json\/wp\/v2\/comments?post=394"}],"version-history":[{"count":29,"href":"https:\/\/www.schneider-prevention.fr\/index.php\/wp-json\/wp\/v2\/pages\/394\/revisions"}],"predecessor-version":[{"id":937,"href":"https:\/\/www.schneider-prevention.fr\/index.php\/wp-json\/wp\/v2\/pages\/394\/revisions\/937"}],"wp:attachment":[{"href":"https:\/\/www.schneider-prevention.fr\/index.php\/wp-json\/wp\/v2\/media?parent=394"}],"curies":[{"name":"wp","href":"https:\/\/api.w.org\/{rel}","templated":true}]}}