{"id":2072,"date":"2024-06-21T19:45:20","date_gmt":"2024-06-21T17:45:20","guid":{"rendered":"https:\/\/www.schneider-prevention.fr\/?page_id=2072"},"modified":"2024-07-19T14:26:35","modified_gmt":"2024-07-19T12:26:35","slug":"2072-2","status":"publish","type":"page","link":"https:\/\/www.schneider-prevention.fr\/index.php\/2072-2\/","title":{"rendered":"OCYLIA"},"content":{"rendered":"<p>[et_pb_section fb_built=\u00a0\u00bb1&Prime; admin_label=\u00a0\u00bbHeader\u00a0\u00bb _builder_version=\u00a0\u00bb4.25.1&Prime; _module_preset=\u00a0\u00bbdefault\u00a0\u00bb background_color=\u00a0\u00bb#FFFFFF\u00a0\u00bb background_image=\u00a0\u00bbhttps:\/\/www.schneider-prevention.fr\/wp-content\/uploads\/2023\/12\/Logo-principal.png\u00a0\u00bb width=\u00a0\u00bb100%\u00a0\u00bb max_width=\u00a0\u00bb100%\u00a0\u00bb module_alignment=\u00a0\u00bbcenter\u00a0\u00bb min_height=\u00a0\u00bb503px\u00a0\u00bb height=\u00a0\u00bb224px\u00a0\u00bb custom_padding=\u00a0\u00bb0vw||0vw||true|false\u00a0\u00bb collapsed=\u00a0\u00bbon\u00a0\u00bb global_colors_info=\u00a0\u00bb{}\u00a0\u00bb][\/et_pb_section][et_pb_section fb_built=\u00a0\u00bb1&Prime; admin_label=\u00a0\u00bbAbout\u00a0\u00bb _builder_version=\u00a0\u00bb4.24.3&Prime; _module_preset=\u00a0\u00bbdefault\u00a0\u00bb collapsed=\u00a0\u00bbon\u00a0\u00bb global_colors_info=\u00a0\u00bb{}\u00a0\u00bb][et_pb_row column_structure=\u00a0\u00bb1_2,1_2&Prime; _builder_version=\u00a0\u00bb4.25.1&Prime; _module_preset=\u00a0\u00bbdefault\u00a0\u00bb global_colors_info=\u00a0\u00bb{}\u00a0\u00bb][et_pb_column type=\u00a0\u00bb1_2&Prime; _builder_version=\u00a0\u00bb4.25.1&Prime; _module_preset=\u00a0\u00bbdefault\u00a0\u00bb global_colors_info=\u00a0\u00bb{}\u00a0\u00bb][et_pb_image src=\u00a0\u00bbhttps:\/\/www.schneider-prevention.fr\/wp-content\/uploads\/2024\/06\/document-Unique-de-Securite.jpg\u00a0\u00bb title_text=\u00a0\u00bbs\u00e9curit\u00e9\u00a0\u00bb _builder_version=\u00a0\u00bb4.25.1&Prime; _module_preset=\u00a0\u00bbdefault\u00a0\u00bb min_height=\u00a0\u00bb268.6px\u00a0\u00bb global_colors_info=\u00a0\u00bb{}\u00a0\u00bb][\/et_pb_image][et_pb_text _builder_version=\u00a0\u00bb4.25.1&Prime; _module_preset=\u00a0\u00bbdefault\u00a0\u00bb global_colors_info=\u00a0\u00bb{}\u00a0\u00bb]<\/p>\n<p style=\"text-align: center;\">Document Unique d&rsquo;\u00e9valuation des risques professionnels<\/p>\n<p style=\"text-align: center;\">Plan d&rsquo;Op\u00e9ration Interne<\/p>\n<p style=\"text-align: center;\">Plan de pr\u00e9vention<\/p>\n<p style=\"text-align: center;\">Audit de s\u00e9curit\u00e9<\/p>\n<p>[\/et_pb_text][\/et_pb_column][et_pb_column type=\u00a0\u00bb1_2&Prime; _builder_version=\u00a0\u00bb4.25.1&Prime; _module_preset=\u00a0\u00bbdefault\u00a0\u00bb global_colors_info=\u00a0\u00bb{}\u00a0\u00bb][et_pb_image src=\u00a0\u00bbhttps:\/\/www.schneider-prevention.fr\/wp-content\/uploads\/2024\/06\/Environnement.jpg\u00a0\u00bb title_text=\u00a0\u00bbGlass globe in green forest with the icon environment of ESG, co2, circular company, and net zero. Technology Environment, Organization Sustainable development environmental.\u00a0\u00bb _builder_version=\u00a0\u00bb4.25.1&Prime; _module_preset=\u00a0\u00bbdefault\u00a0\u00bb global_colors_info=\u00a0\u00bb{}\u00a0\u00bb][\/et_pb_image][et_pb_text _builder_version=\u00a0\u00bb4.25.1&Prime; _module_preset=\u00a0\u00bbdefault\u00a0\u00bb global_colors_info=\u00a0\u00bb{}\u00a0\u00bb]<\/p>\n<p style=\"text-align: center;\">Environnement<\/p>\n<p style=\"text-align: center;\">D\u00e9marche RSE<\/p>\n<p style=\"text-align: center;\">R\u00e9glementation ISDND<\/p>\n<p>[\/et_pb_text][\/et_pb_column][\/et_pb_row][et_pb_row _builder_version=\u00a0\u00bb4.25.1&Prime; _module_preset=\u00a0\u00bbdefault\u00a0\u00bb global_colors_info=\u00a0\u00bb{}\u00a0\u00bb][et_pb_column type=\u00a0\u00bb4_4&Prime; _builder_version=\u00a0\u00bb4.25.1&Prime; _module_preset=\u00a0\u00bbdefault\u00a0\u00bb global_colors_info=\u00a0\u00bb{}\u00a0\u00bb][et_pb_divider _builder_version=\u00a0\u00bb4.25.1&Prime; _module_preset=\u00a0\u00bbdefault\u00a0\u00bb global_colors_info=\u00a0\u00bb{}\u00a0\u00bb][\/et_pb_divider][\/et_pb_column][\/et_pb_row][et_pb_row column_structure=\u00a0\u00bb1_2,1_2&Prime; _builder_version=\u00a0\u00bb4.25.1&Prime; _module_preset=\u00a0\u00bbdefault\u00a0\u00bb global_colors_info=\u00a0\u00bb{}\u00a0\u00bb][et_pb_column type=\u00a0\u00bb1_2&Prime; _builder_version=\u00a0\u00bb4.25.1&Prime; _module_preset=\u00a0\u00bbdefault\u00a0\u00bb global_colors_info=\u00a0\u00bb{}\u00a0\u00bb][et_pb_image src=\u00a0\u00bbhttps:\/\/www.schneider-prevention.fr\/wp-content\/uploads\/2024\/06\/AdobeStock_238312694-Copie-1024&#215;683-1.jpeg\u00a0\u00bb title_text=\u00a0\u00bbQualit\u00e9\u00a0\u00bb _builder_version=\u00a0\u00bb4.25.1&Prime; _module_preset=\u00a0\u00bbdefault\u00a0\u00bb min_height=\u00a0\u00bb279.4px\u00a0\u00bb global_colors_info=\u00a0\u00bb{}\u00a0\u00bb][\/et_pb_image][et_pb_text _builder_version=\u00a0\u00bb4.25.1&Prime; _module_preset=\u00a0\u00bbdefault\u00a0\u00bb global_colors_info=\u00a0\u00bb{}\u00a0\u00bb]<\/p>\n<p style=\"text-align: center;\">Qualit\u00e9<\/p>\n<p style=\"text-align: center;\">Indicateurs<\/p>\n<p style=\"text-align: center;\">MASE<\/p>\n<p style=\"text-align: center;\">ISO<\/p>\n<p>[\/et_pb_text][\/et_pb_column][et_pb_column type=\u00a0\u00bb1_2&Prime; _builder_version=\u00a0\u00bb4.25.1&Prime; _module_preset=\u00a0\u00bbdefault\u00a0\u00bb global_colors_info=\u00a0\u00bb{}\u00a0\u00bb][et_pb_image src=\u00a0\u00bbhttps:\/\/www.schneider-prevention.fr\/wp-content\/uploads\/2024\/06\/Hygiene.jpg\u00a0\u00bb title_text=\u00a0\u00bbHygi\u00e8ne\u00a0\u00bb _builder_version=\u00a0\u00bb4.25.1&Prime; _module_preset=\u00a0\u00bbdefault\u00a0\u00bb width=\u00a0\u00bb100%\u00a0\u00bb max_width=\u00a0\u00bb67%\u00a0\u00bb module_alignment=\u00a0\u00bbcenter\u00a0\u00bb min_height=\u00a0\u00bb328px\u00a0\u00bb global_colors_info=\u00a0\u00bb{}\u00a0\u00bb][\/et_pb_image][et_pb_text _builder_version=\u00a0\u00bb4.25.1&Prime; _module_preset=\u00a0\u00bbdefault\u00a0\u00bb global_colors_info=\u00a0\u00bb{}\u00a0\u00bb]<\/p>\n<p>Hygi\u00e8ne<\/p>\n<p>Conformit\u00e9 et respect des r\u00e8gles<\/p>\n<p>Affichage<\/p>\n<p>Consignes<\/p>\n<p>[\/et_pb_text][\/et_pb_column][\/et_pb_row][et_pb_row _builder_version=\u00a0\u00bb4.25.1&Prime; _module_preset=\u00a0\u00bbdefault\u00a0\u00bb global_colors_info=\u00a0\u00bb{}\u00a0\u00bb][et_pb_column type=\u00a0\u00bb4_4&Prime; _builder_version=\u00a0\u00bb4.25.1&Prime; _module_preset=\u00a0\u00bbdefault\u00a0\u00bb global_colors_info=\u00a0\u00bb{}\u00a0\u00bb][et_pb_divider _builder_version=\u00a0\u00bb4.25.1&Prime; _module_preset=\u00a0\u00bbdefault\u00a0\u00bb global_colors_info=\u00a0\u00bb{}\u00a0\u00bb][\/et_pb_divider][\/et_pb_column][\/et_pb_row][et_pb_row _builder_version=\u00a0\u00bb4.25.1&Prime; _module_preset=\u00a0\u00bbdefault\u00a0\u00bb global_colors_info=\u00a0\u00bb{}\u00a0\u00bb][et_pb_column type=\u00a0\u00bb4_4&Prime; _builder_version=\u00a0\u00bb4.25.1&Prime; _module_preset=\u00a0\u00bbdefault\u00a0\u00bb global_colors_info=\u00a0\u00bb{}\u00a0\u00bb][et_pb_text _builder_version=\u00a0\u00bb4.25.1&Prime; _module_preset=\u00a0\u00bbdefault\u00a0\u00bb global_colors_info=\u00a0\u00bb{}\u00a0\u00bb]<\/p>\n<p><em><span style=\"color: #000000;\">Rencontrez notre \u00e9quipe passionn\u00e9e pr\u00eate \u00e0 vous accompagner pour des solutions de pr\u00e9vention sur mesure. Contactez-nous d\u00e8s aujourd&rsquo;hui pour placer ensemble la s\u00e9curit\u00e9 comme priorit\u00e9 absolue! Explorez notre gamme de services innovants pour assurer la protection de votre entreprise et de vos employ\u00e9s. Nous sommes l\u00e0 pour vous guider vers un avenir plus s\u00fbr et serein. Rejoignez-nous chez Schneider Pr\u00e9vention, l\u00e0 o\u00f9 la s\u00e9curit\u00e9 devient une certitude.<\/span><\/em><\/p>\n<p>[\/et_pb_text][\/et_pb_column][\/et_pb_row][et_pb_row _builder_version=\u00a0\u00bb4.25.2&Prime; _module_preset=\u00a0\u00bbdefault\u00a0\u00bb global_colors_info=\u00a0\u00bb{}\u00a0\u00bb][et_pb_column type=\u00a0\u00bb4_4&Prime; _builder_version=\u00a0\u00bb4.25.2&Prime; _module_preset=\u00a0\u00bbdefault\u00a0\u00bb global_colors_info=\u00a0\u00bb{}\u00a0\u00bb][et_pb_divider _builder_version=\u00a0\u00bb4.25.2&Prime; _module_preset=\u00a0\u00bbdefault\u00a0\u00bb global_colors_info=\u00a0\u00bb{}\u00a0\u00bb][\/et_pb_divider][et_pb_text _builder_version=\u00a0\u00bb4.25.2&Prime; _module_preset=\u00a0\u00bbdefault\u00a0\u00bb hover_enabled=\u00a0\u00bb0&Prime; global_colors_info=\u00a0\u00bb{}\u00a0\u00bb sticky_enabled=\u00a0\u00bb0&Prime;]<\/p>\n<h1 style=\"text-align: center;\"><strong><span style=\"color: #000080;\">Le DUERP<\/span><\/strong><\/h1>\n<h1 style=\"text-align: center;\"><strong><span style=\"color: #000080;\">Document Unique d\u2019\u00c9valuation des Risques Professionnels<\/span><\/strong><\/h1>\n<p>[\/et_pb_text][\/et_pb_column][\/et_pb_row][et_pb_row column_structure=\u00a0\u00bb1_3,1_3,1_3&Prime; _builder_version=\u00a0\u00bb4.25.2&Prime; _module_preset=\u00a0\u00bbdefault\u00a0\u00bb global_colors_info=\u00a0\u00bb{}\u00a0\u00bb][et_pb_column type=\u00a0\u00bb1_3&Prime; _builder_version=\u00a0\u00bb4.25.2&Prime; _module_preset=\u00a0\u00bbdefault\u00a0\u00bb global_colors_info=\u00a0\u00bb{}\u00a0\u00bb][et_pb_text _builder_version=\u00a0\u00bb4.25.2&Prime; _module_preset=\u00a0\u00bbdefault\u00a0\u00bb global_colors_info=\u00a0\u00bb{}\u00a0\u00bb]<\/p>\n<h1 id=\"titlePage\" data-test=\"titre-page\" style=\"text-align: center;\"><span style=\"color: #000000;\">Qu&rsquo;est-ce que le document unique d&rsquo;\u00e9valuation des risques professionnels\u00a0(DUERP)\u00a0?<\/span><\/h1>\n<p><span style=\"color: #000000;\">Le <strong>document unique d&rsquo;\u00e9valuation des risques professionnels (DUERP)<\/strong> est <strong>obligatoire<\/strong> dans toutes les entreprises <strong>d\u00e8s l&#8217;embauche du 1<sup>er<\/sup> salari\u00e9<\/strong>. L&#8217;employeur y consigne le r\u00e9sultat de l&rsquo;<strong>\u00e9valuation des risques<\/strong> pour la sant\u00e9 et la s\u00e9curit\u00e9 auxquels peuvent \u00eatre expos\u00e9s les salari\u00e9s.<\/span><\/p>\n<p>[\/et_pb_text][et_pb_text _builder_version=\u00a0\u00bb4.25.2&Prime; _module_preset=\u00a0\u00bbdefault\u00a0\u00bb global_colors_info=\u00a0\u00bb{}\u00a0\u00bb]<\/p>\n<h3 style=\"text-align: center;\"><span style=\"color: #000000;\">Comment l\u2019employeur recense-t-il les risques professionnels\u00a0? Quel est le contenu du DUERP\u00a0? Comment consulter le DUERP\u00a0? Comment mettre \u00e0 jour le DUERP\u00a0? Nous faisons un point sur la r\u00e9glementation.<\/span><\/h3>\n<p data-test=\"contenu-texte\"><span style=\"color: #000000;\">L&rsquo;\u00e9valuation des risques professionnels est de la responsabilit\u00e9 de l&#8217;employeur. Elle s&rsquo;inscrit dans le cadre de son obligation g\u00e9n\u00e9rale d&rsquo;<strong>assurer la s\u00e9curit\u00e9 et de prot\u00e9ger la sant\u00e9<\/strong> des salari\u00e9s.<\/span><\/p>\n<p data-test=\"contenu-texte\"><span style=\"color: #000000;\">Cette \u00e9valuation respecte les principes g\u00e9n\u00e9raux de pr\u00e9vention.<\/span><\/p>\n<p>&nbsp;<\/p>\n<p>[\/et_pb_text][et_pb_text _builder_version=\u00a0\u00bb4.25.2&Prime; _module_preset=\u00a0\u00bbdefault\u00a0\u00bb global_colors_info=\u00a0\u00bb{}\u00a0\u00bb]<\/p>\n<h1 style=\"text-align: center;\"><em><span style=\"color: #0000ff;\">Nous vous accompagnons dans cette d\u00e9marche en s&rsquo;adaptant \u00e0 votre structure.<\/span><\/em><\/h1>\n<p>[\/et_pb_text][\/et_pb_column][et_pb_column type=\u00a0\u00bb1_3&Prime; _builder_version=\u00a0\u00bb4.25.2&Prime; _module_preset=\u00a0\u00bbdefault\u00a0\u00bb global_colors_info=\u00a0\u00bb{}\u00a0\u00bb][et_pb_text _builder_version=\u00a0\u00bb4.25.2&Prime; _module_preset=\u00a0\u00bbdefault\u00a0\u00bb global_colors_info=\u00a0\u00bb{}\u00a0\u00bb]<\/p>\n<h2 class=\"fr-h6\" style=\"text-align: center;\"><span style=\"color: #000000;\">Principes g\u00e9n\u00e9raux de pr\u00e9vention<\/span><\/h2>\n<p data-test=\"contenu-texte\"><span style=\"color: #000000;\">Les <strong>9 principes g\u00e9n\u00e9raux<\/strong> qui r\u00e9gissent l&rsquo;organisation de la pr\u00e9vention sont les suivants\u00a0:<\/span><\/p>\n<ul class=\"sp-item-list\">\n<li><span style=\"color: #000000;\"><strong>\u00c9viter<\/strong> les risques, c&rsquo;est-\u00e0-dire supprimer le danger ou l&rsquo;exposition au danger<\/span><\/li>\n<li><span style=\"color: #000000;\"><strong>\u00c9valuer<\/strong> les risques, c&rsquo;est-\u00e0-dire appr\u00e9cier l&rsquo;exposition au danger et l&rsquo;importance du risque pour prioriser les actions de pr\u00e9vention \u00e0 mener<\/span><\/li>\n<li><span style=\"color: #000000;\"><strong>Combattre les risques \u00e0 la source<\/strong>, c&rsquo;est-\u00e0-dire int\u00e9grer la pr\u00e9vention le plus en amont possible, notamment d\u00e8s la conception des lieux de travail, des \u00e9quipements ou des modes op\u00e9ratoires<\/span><\/li>\n<li><span style=\"color: #000000;\"><strong>Adapter le travail<\/strong> \u00e0 l&rsquo;homme, en tenant compte des diff\u00e9rences individuelles, dans le but de r\u00e9duire les effets du travail sur la sant\u00e9<\/span><\/li>\n<li><span style=\"color: #000000;\"><strong>Tenir compte de l&rsquo;\u00e9volution de la technique<\/strong>, c&rsquo;est-\u00e0-dire adapter la pr\u00e9vention aux \u00e9volutions techniques et organisationnelles<\/span><\/li>\n<li><span style=\"color: #000000;\"><strong>Remplacer un produit ou un proc\u00e9d\u00e9 dangereux<\/strong> par ce qui l&rsquo;est moins, lorsqu&rsquo;un m\u00eame r\u00e9sultat peut \u00eatre obtenu avec une solution pr\u00e9sentant des dangers moindres<\/span><\/li>\n<li><span style=\"color: #000000;\"><strong>Planifier<\/strong> la pr\u00e9vention en int\u00e9grant technique, organisation et conditions de travail, relations sociales et environnement<\/span><\/li>\n<li><span style=\"color: #000000;\"><strong>Donner la priorit\u00e9 aux mesures de protection collective<\/strong> et utiliser les \u00e9quipements de protection individuelle en compl\u00e9ment des protections collectives si elles se r\u00e9v\u00e8lent insuffisantes<\/span><\/li>\n<li><span style=\"color: #000000;\"><strong>Donner les instructions appropri\u00e9es aux salari\u00e9s<\/strong>, c&rsquo;est-\u00e0-dire les former et les informer pour qu&rsquo;ils connaissent les risques et les mesures de pr\u00e9vention<\/span><\/li>\n<\/ul>\n<p>[\/et_pb_text][\/et_pb_column][et_pb_column type=\u00a0\u00bb1_3&Prime; _builder_version=\u00a0\u00bb4.25.2&Prime; _module_preset=\u00a0\u00bbdefault\u00a0\u00bb global_colors_info=\u00a0\u00bb{}\u00a0\u00bb][et_pb_text _builder_version=\u00a0\u00bb4.25.2&Prime; _module_preset=\u00a0\u00bbdefault\u00a0\u00bb global_colors_info=\u00a0\u00bb{}\u00a0\u00bb]<\/p>\n<h2 class=\"fr-h6\" style=\"text-align: center;\"><span style=\"color: #000000;\">D\u00e9marche d&rsquo;\u00e9valuation des risques professionnels<\/span><\/h2>\n<p data-test=\"contenu-texte\"><span style=\"color: #000000;\">La d\u00e9marche d&rsquo;\u00e9valuation est structur\u00e9e et comprend les <strong>\u00e9tapes<\/strong> suivantes :<\/span><\/p>\n<ol>\n<li><span style=\"color: #000000;\">Pr\u00e9paration de l&rsquo;\u00e9valuation des risques<\/span><\/li>\n<li><span style=\"color: #000000;\">Identification des risques<\/span><\/li>\n<li><span style=\"color: #000000;\">Classement des risques<\/span><\/li>\n<li><span style=\"color: #000000;\">Proposition des actions de pr\u00e9vention<\/span><\/li>\n<\/ol>\n<p data-test=\"contenu-texte\"><span style=\"color: #000000;\">L&rsquo;\u00e9valuation des risques se d\u00e9finit comme le fait d&rsquo;identifier les dangers et les risques pour la sant\u00e9 et la s\u00e9curit\u00e9 des travailleurs, dans tous les aspects li\u00e9s au travail.<\/span><\/p>\n<p data-test=\"contenu-texte\"><span style=\"color: #000000;\">Elle comporte un inventaire des dangers et une analyse des risques identifi\u00e9s dans chaque unit\u00e9 de travail de l&rsquo;entreprise ou de l&rsquo;\u00e9tablissement, y compris ceux li\u00e9s aux ambiances thermiques.<\/span><\/p>\n<p>[\/et_pb_text][et_pb_text _builder_version=\u00a0\u00bb4.25.2&Prime; _module_preset=\u00a0\u00bbdefault\u00a0\u00bb global_colors_info=\u00a0\u00bb{}\u00a0\u00bb]<\/p>\n<h1 style=\"text-align: center;\"><em><span style=\"color: #0000ff;\">Nous vous accompagnons dans cette d\u00e9marche en s&rsquo;adaptant \u00e0 votre structure.<\/span><\/em><\/h1>\n<p>[\/et_pb_text][\/et_pb_column][\/et_pb_row][et_pb_row _builder_version=\u00a0\u00bb4.25.2&Prime; _module_preset=\u00a0\u00bbdefault\u00a0\u00bb][et_pb_column _builder_version=\u00a0\u00bb4.25.2&Prime; _module_preset=\u00a0\u00bbdefault\u00a0\u00bb type=\u00a0\u00bb4_4&Prime;][et_pb_divider _builder_version=\u00a0\u00bb4.25.2&Prime; _module_preset=\u00a0\u00bbdefault\u00a0\u00bb hover_enabled=\u00a0\u00bb0&Prime; sticky_enabled=\u00a0\u00bb0&Prime;][\/et_pb_divider][\/et_pb_column][\/et_pb_row][\/et_pb_section][et_pb_section fb_built=\u00a0\u00bb1&Prime; admin_label=\u00a0\u00bbFooter\u00a0\u00bb _builder_version=\u00a0\u00bb4.24.3&Prime; _module_preset=\u00a0\u00bbdefault\u00a0\u00bb background_color=\u00a0\u00bbgcid-3e93bdc5-146d-448e-a761-9f1b4dd51113&Prime; custom_padding=\u00a0\u00bb||0px||false|false\u00a0\u00bb saved_tabs=\u00a0\u00bball\u00a0\u00bb collapsed=\u00a0\u00bbon\u00a0\u00bb global_colors_info=\u00a0\u00bb{%22gcid-3e93bdc5-146d-448e-a761-9f1b4dd51113%22:%91%22background_color%22%93}\u00a0\u00bb][et_pb_row column_structure=\u00a0\u00bb1_3,1_3,1_3&Prime; _builder_version=\u00a0\u00bb4.24.3&Prime; _module_preset=\u00a0\u00bbdefault\u00a0\u00bb max_width=\u00a0\u00bbnone\u00a0\u00bb global_colors_info=\u00a0\u00bb{}\u00a0\u00bb][et_pb_column type=\u00a0\u00bb1_3&Prime; _builder_version=\u00a0\u00bb4.24.3&Prime; _module_preset=\u00a0\u00bbdefault\u00a0\u00bb global_colors_info=\u00a0\u00bb{}\u00a0\u00bb][et_pb_text _builder_version=\u00a0\u00bb4.25.1&Prime; _module_preset=\u00a0\u00bbae5e7d53-6bf2-49d0-94d2-f490509576d5&Prime; text_text_color=\u00a0\u00bb#000000&Prime; link_text_color=\u00a0\u00bb#000000&Prime; custom_margin=\u00a0\u00bb||10px||false|false\u00a0\u00bb text_orientation_tablet=\u00a0\u00bbcenter\u00a0\u00bb text_orientation_phone=\u00a0\u00bbcenter\u00a0\u00bb text_orientation_last_edited=\u00a0\u00bbon|tablet\u00a0\u00bb global_colors_info=\u00a0\u00bb{%22gcid-3e93bdc5-146d-448e-a761-9f1b4dd51113%22:%91%22quote_border_color%22%93,%22gcid-c7d8f091-13fc-48ff-a161-01fd58ed72d5%22:%91%22quote_text_color%22%93}\u00a0\u00bb]<\/p>\n<p style=\"text-align: center;\">3, avenue Pr\u00e9fontaine<\/p>\n<p style=\"text-align: center;\">ZI Pariacabo<\/p>\n<p style=\"text-align: center;\">97310 KOUROU<\/p>\n<p>[\/et_pb_text][\/et_pb_column][et_pb_column type=\u00a0\u00bb1_3&Prime; _builder_version=\u00a0\u00bb4.24.3&Prime; _module_preset=\u00a0\u00bbdefault\u00a0\u00bb global_colors_info=\u00a0\u00bb{}\u00a0\u00bb][et_pb_text _builder_version=\u00a0\u00bb4.25.1&Prime; _module_preset=\u00a0\u00bbae5e7d53-6bf2-49d0-94d2-f490509576d5&Prime; text_text_color=\u00a0\u00bb#000000&Prime; link_text_color=\u00a0\u00bb#000000&Prime; text_orientation=\u00a0\u00bbcenter\u00a0\u00bb custom_margin=\u00a0\u00bb||10px||false|false\u00a0\u00bb global_colors_info=\u00a0\u00bb{%22gcid-3e93bdc5-146d-448e-a761-9f1b4dd51113%22:%91%22quote_border_color%22%93,%22gcid-c7d8f091-13fc-48ff-a161-01fd58ed72d5%22:%91%22quote_text_color%22%93}\u00a0\u00bb]<\/p>\n<p style=\"text-align: center;\"><strong>05 94 32 37 13<\/strong><\/p>\n<p style=\"text-align: center;\"><strong>06 94 48 24 34<\/strong><\/p>\n<p>[\/et_pb_text][\/et_pb_column][et_pb_column type=\u00a0\u00bb1_3&Prime; _builder_version=\u00a0\u00bb4.24.3&Prime; _module_preset=\u00a0\u00bbdefault\u00a0\u00bb global_colors_info=\u00a0\u00bb{}\u00a0\u00bb][et_pb_text _builder_version=\u00a0\u00bb4.25.1&Prime; _module_preset=\u00a0\u00bbae5e7d53-6bf2-49d0-94d2-f490509576d5&Prime; text_text_color=\u00a0\u00bb#000000&Prime; link_text_color=\u00a0\u00bb#000000&Prime; text_orientation=\u00a0\u00bbcenter\u00a0\u00bb custom_margin=\u00a0\u00bb||10px||false|false\u00a0\u00bb locked=\u00a0\u00bboff\u00a0\u00bb global_colors_info=\u00a0\u00bb{}\u00a0\u00bb]<\/p>\n<p><a href=\"mailto:#\">ocylia.hse@gmail.com<\/a><\/p>\n<p>[\/et_pb_text][\/et_pb_column][\/et_pb_row][\/et_pb_section]<\/p>\n","protected":false},"excerpt":{"rendered":"<p>Document Unique d&rsquo;\u00e9valuation des risques professionnels Plan d&rsquo;Op\u00e9ration Interne Plan de pr\u00e9vention Audit de s\u00e9curit\u00e9Environnement D\u00e9marche RSE R\u00e9glementation ISDNDQualit\u00e9 Indicateurs MASE ISOHygi\u00e8ne Conformit\u00e9 et respect des r\u00e8gles Affichage ConsignesRencontrez notre \u00e9quipe passionn\u00e9e pr\u00eate \u00e0 vous accompagner pour des solutions de pr\u00e9vention sur mesure. Contactez-nous d\u00e8s aujourd&rsquo;hui pour placer ensemble la s\u00e9curit\u00e9 comme priorit\u00e9 absolue! Explorez [&hellip;]<\/p>\n","protected":false},"author":2,"featured_media":0,"parent":0,"menu_order":0,"comment_status":"closed","ping_status":"closed","template":"","meta":{"_et_pb_use_builder":"on","_et_pb_old_content":"","_et_gb_content_width":"","footnotes":""},"class_list":["post-2072","page","type-page","status-publish","hentry"],"_links":{"self":[{"href":"https:\/\/www.schneider-prevention.fr\/index.php\/wp-json\/wp\/v2\/pages\/2072","targetHints":{"allow":["GET"]}}],"collection":[{"href":"https:\/\/www.schneider-prevention.fr\/index.php\/wp-json\/wp\/v2\/pages"}],"about":[{"href":"https:\/\/www.schneider-prevention.fr\/index.php\/wp-json\/wp\/v2\/types\/page"}],"author":[{"embeddable":true,"href":"https:\/\/www.schneider-prevention.fr\/index.php\/wp-json\/wp\/v2\/users\/2"}],"replies":[{"embeddable":true,"href":"https:\/\/www.schneider-prevention.fr\/index.php\/wp-json\/wp\/v2\/comments?post=2072"}],"version-history":[{"count":6,"href":"https:\/\/www.schneider-prevention.fr\/index.php\/wp-json\/wp\/v2\/pages\/2072\/revisions"}],"predecessor-version":[{"id":2162,"href":"https:\/\/www.schneider-prevention.fr\/index.php\/wp-json\/wp\/v2\/pages\/2072\/revisions\/2162"}],"wp:attachment":[{"href":"https:\/\/www.schneider-prevention.fr\/index.php\/wp-json\/wp\/v2\/media?parent=2072"}],"curies":[{"name":"wp","href":"https:\/\/api.w.org\/{rel}","templated":true}]}}