{"id":1379,"date":"2021-02-26T03:18:53","date_gmt":"2021-02-26T02:18:53","guid":{"rendered":"http:\/\/www.schneider-prevention.fr\/?page_id=1379"},"modified":"2021-11-04T20:44:17","modified_gmt":"2021-11-04T19:44:17","slug":"prap-2s","status":"publish","type":"page","link":"https:\/\/www.schneider-prevention.fr\/index.php\/prap-2s\/","title":{"rendered":"PRAP 2S"},"content":{"rendered":"<p>[et_pb_section fb_built=\u00a0\u00bb1&Prime; _builder_version=\u00a0\u00bb4.7.3&Prime; _module_preset=\u00a0\u00bbdefault\u00a0\u00bb global_colors_info=\u00a0\u00bb{}\u00a0\u00bb][et_pb_row column_structure=\u00a0\u00bb1_3,1_3,1_3&Prime; _builder_version=\u00a0\u00bb4.7.3&Prime; _module_preset=\u00a0\u00bbdefault\u00a0\u00bb global_colors_info=\u00a0\u00bb{}\u00a0\u00bb][et_pb_column type=\u00a0\u00bb1_3&Prime; _builder_version=\u00a0\u00bb4.7.3&Prime; _module_preset=\u00a0\u00bbdefault\u00a0\u00bb global_colors_info=\u00a0\u00bb{}\u00a0\u00bb][et_pb_image src=\u00a0\u00bbhttps:\/\/www.schneider-prevention.fr\/wp-content\/uploads\/2021\/02\/image-double-prap.jpg\u00a0\u00bb title_text=\u00a0\u00bbimage double prap\u00a0\u00bb align=\u00a0\u00bbcenter\u00a0\u00bb _builder_version=\u00a0\u00bb4.7.3&Prime; _module_preset=\u00a0\u00bbdefault\u00a0\u00bb custom_margin=\u00a0\u00bb57px||||false|false\u00a0\u00bb global_colors_info=\u00a0\u00bb{}\u00a0\u00bb][\/et_pb_image][\/et_pb_column][et_pb_column type=\u00a0\u00bb1_3&Prime; _builder_version=\u00a0\u00bb4.7.3&Prime; _module_preset=\u00a0\u00bbdefault\u00a0\u00bb global_colors_info=\u00a0\u00bb{}\u00a0\u00bb][et_pb_text _builder_version=\u00a0\u00bb4.7.3&Prime; _module_preset=\u00a0\u00bbdefault\u00a0\u00bb global_colors_info=\u00a0\u00bb{}\u00a0\u00bb]<\/p>\n<h1 style=\"text-align: center;\"><strong>PRAP 2S-ALM<\/strong><\/h1>\n<p><strong><\/strong><\/p>\n<h2 style=\"text-align: center;\"><em><span style=\"color: #000000;\"><strong>Pr\u00e9vention des risques li\u00e9s \u00e0 l&rsquo;activit\u00e9 physique dans le domaine sanitaire et social<\/strong><\/span><\/em><\/h2>\n<h2 style=\"text-align: center;\"><em><span style=\"color: #000000;\"><strong>Aide \u00e0 la mobilit\u00e9<\/strong><\/span><\/em><\/h2>\n<p>[\/et_pb_text][et_pb_text _builder_version=\u00a0\u00bb4.7.3&Prime; _module_preset=\u00a0\u00bbdefault\u00a0\u00bb global_colors_info=\u00a0\u00bb{}\u00a0\u00bb]<\/p>\n<p style=\"text-align: justify;\"><span style=\"color: #000000;\"><em>Schneider Pr\u00e9vention Guyane est conventionn\u00e9 avec l&rsquo;organisme de formation H2S formation pour les formations PRAP2S. Cette convention pr\u00e9voit la gestion de la session de formation sous la responsabilit\u00e9 de Schneider Pr\u00e9vention Guyane et la certification sous l&rsquo;habilitation INRS de H2S formation.<\/em><\/span><\/p>\n<p style=\"text-align: justify;\"><span style=\"color: #000000;\"><em>\u00a0Ne soyez donc pas surpris de voir appara\u00eetre le logo de H2S formation (ci-dessous) sur vos carte et dans les plaquettes et les conventions lors de nos actions PRAP2S.<\/em><\/span><\/p>\n<p>[\/et_pb_text][\/et_pb_column][et_pb_column type=\u00a0\u00bb1_3&Prime; _builder_version=\u00a0\u00bb4.7.3&Prime; _module_preset=\u00a0\u00bbdefault\u00a0\u00bb global_colors_info=\u00a0\u00bb{}\u00a0\u00bb][et_pb_image src=\u00a0\u00bbhttps:\/\/www.schneider-prevention.fr\/wp-content\/uploads\/2021\/09\/signa_Plan-de-travail-1-80.jpg\u00a0\u00bb title_text=\u00a0\u00bbdouble logo\u00a0\u00bb align=\u00a0\u00bbcenter\u00a0\u00bb _builder_version=\u00a0\u00bb4.10.5&Prime; _module_preset=\u00a0\u00bbdefault\u00a0\u00bb custom_margin=\u00a0\u00bb52px||||false|false\u00a0\u00bb global_colors_info=\u00a0\u00bb{}\u00a0\u00bb][\/et_pb_image][et_pb_image src=\u00a0\u00bbhttps:\/\/www.schneider-prevention.fr\/wp-content\/uploads\/2021\/03\/H2S-formation.jpg\u00a0\u00bb title_text=\u00a0\u00bbH2S formation\u00a0\u00bb align=\u00a0\u00bbcenter\u00a0\u00bb _builder_version=\u00a0\u00bb4.7.3&Prime; _module_preset=\u00a0\u00bbdefault\u00a0\u00bb width=\u00a0\u00bb63%\u00a0\u00bb module_alignment=\u00a0\u00bbcenter\u00a0\u00bb custom_margin=\u00a0\u00bb23px||||false|false\u00a0\u00bb global_colors_info=\u00a0\u00bb{}\u00a0\u00bb][\/et_pb_image][\/et_pb_column][\/et_pb_row][et_pb_row _builder_version=\u00a0\u00bb4.7.3&Prime; _module_preset=\u00a0\u00bbdefault\u00a0\u00bb global_colors_info=\u00a0\u00bb{}\u00a0\u00bb][et_pb_column type=\u00a0\u00bb4_4&Prime; _builder_version=\u00a0\u00bb4.7.3&Prime; _module_preset=\u00a0\u00bbdefault\u00a0\u00bb global_colors_info=\u00a0\u00bb{}\u00a0\u00bb][et_pb_text _builder_version=\u00a0\u00bb4.7.3&Prime; _module_preset=\u00a0\u00bbdefault\u00a0\u00bb global_colors_info=\u00a0\u00bb{}\u00a0\u00bb]<\/p>\n<h1 style=\"text-align: center;\"><span style=\"color: #0000ff;\"><strong>Fort d&rsquo;une \u00e9quipe de formateurs\/trices PRAP2S-ALM et d&rsquo;une formatrice de formateur\/trice PRAP2S-ALM, nous sommes \u00e0 m\u00eame de vous proposer les niveaux d&rsquo;acteurs PRAP2S-ALM et formateurs\/trices PRAP2S.<\/strong><\/span><\/h1>\n<p>[\/et_pb_text][et_pb_text _builder_version=\u00a0\u00bb4.7.3&Prime; _module_preset=\u00a0\u00bbdefault\u00a0\u00bb global_colors_info=\u00a0\u00bb{}\u00a0\u00bb]<\/p>\n<h1 style=\"text-align: center;\">La PRAP2S-ALM c&rsquo;est quoi ?<\/h1>\n<p>[\/et_pb_text][et_pb_text _builder_version=\u00a0\u00bb4.7.3&Prime; _module_preset=\u00a0\u00bbdefault\u00a0\u00bb text_font=\u00a0\u00bbArial||||||||\u00a0\u00bb global_colors_info=\u00a0\u00bb{}\u00a0\u00bb]<\/p>\n<h3 style=\"text-align: justify;\"><em><span style=\"color: #3366ff;\">Bien plus qu&rsquo;une formation, c&rsquo;est une <strong>d\u00e9marche<\/strong> en pr\u00e9vention qui repose sur un dispositif de l&rsquo;INRS (Institut National de recherche et de s\u00e9curit\u00e9), organisme paritaire de la s\u00e9curit\u00e9 sociale.<\/span><\/em><\/h3>\n<h3 style=\"text-align: justify;\"><em><span style=\"color: #3366ff;\">Vous avez donc l&rsquo;outil \u00e0 votre disposition cr\u00e9er de toute pi\u00e8ce par l&rsquo;assureur universel (s\u00e9curit\u00e9 sociale\/CARSAT\/CGSS\/AT-MP\/risques pro) afin de faire face aux \u00e9volutions de la pr\u00e9vention des risques professionnels et plus particuli\u00e8rement de pouvoir r\u00e9pondre au 4\u00e8me principes des 9 PGP (principes g\u00e9n\u00e9raux de pr\u00e9vention L4121-2 du c.d.travail) qui est \u00ab\u00a0<strong>adapter le travail \u00e0 l&rsquo;homme\u00a0\u00bb<\/strong> !<\/span><\/em><\/h3>\n<h3 style=\"text-align: justify;\"><em><span style=\"color: #3366ff;\"><strong>Bienvenue dans la PRAP2S-ALM !<\/strong><\/span><\/em><\/h3>\n<p>[\/et_pb_text][\/et_pb_column][\/et_pb_row][et_pb_row column_structure=\u00a0\u00bb1_2,1_2&Prime; _builder_version=\u00a0\u00bb4.7.3&Prime; _module_preset=\u00a0\u00bbdefault\u00a0\u00bb global_colors_info=\u00a0\u00bb{}\u00a0\u00bb][et_pb_column type=\u00a0\u00bb1_2&Prime; _builder_version=\u00a0\u00bb4.7.3&Prime; _module_preset=\u00a0\u00bbdefault\u00a0\u00bb global_colors_info=\u00a0\u00bb{}\u00a0\u00bb][et_pb_text _builder_version=\u00a0\u00bb4.7.3&Prime; _module_preset=\u00a0\u00bbdefault\u00a0\u00bb text_font=\u00a0\u00bbArial||||||||\u00a0\u00bb custom_margin=\u00a0\u00bb18px||||false|false\u00a0\u00bb global_colors_info=\u00a0\u00bb{}\u00a0\u00bb]<\/p>\n<h2 style=\"text-align: left;\"><span style=\"color: #3366ff;\"><em>Une d\u00e9marche<\/em><\/span><\/h2>\n<h2 style=\"text-align: left;\"><span style=\"color: #3366ff;\"><em> qui s&rsquo;adapte \u00e0 votre structure<\/em><\/span><\/h2>\n<h2 style=\"text-align: left;\"><span style=\"color: #3366ff;\"><em> qui se planifie<\/em><\/span><\/h2>\n<h2><span style=\"color: #3366ff;\"><em>qui s&rsquo;\u00e9value<\/em><\/span><\/h2>\n<h2><span style=\"color: #3366ff;\"><em>qui se r\u00e9ajuste<\/em><\/span><\/h2>\n<h3><span style=\"color: #3366ff;\"><em>Laissez-vous guider tout en gardant le contr\u00f4le avec un organisme de formations, d&rsquo;accompagnement et de conseils en pr\u00e9vention des risques habilit\u00e9 et agr\u00e9\u00e9 par la DETCC de Guyane en IPRP (intervennant en pr\u00e9vention des risques professionnels.<\/em><\/span><\/h3>\n<p>[\/et_pb_text][\/et_pb_column][et_pb_column type=\u00a0\u00bb1_2&Prime; _builder_version=\u00a0\u00bb4.7.3&Prime; _module_preset=\u00a0\u00bbdefault\u00a0\u00bb global_colors_info=\u00a0\u00bb{}\u00a0\u00bb][et_pb_image src=\u00a0\u00bbhttps:\/\/www.schneider-prevention.fr\/wp-content\/uploads\/2020\/06\/PRAP-d\u00e9marche.jpg\u00a0\u00bb title_text=\u00a0\u00bbPRAP d\u00e9marche\u00a0\u00bb align=\u00a0\u00bbcenter\u00a0\u00bb _builder_version=\u00a0\u00bb4.7.3&Prime; _module_preset=\u00a0\u00bbdefault\u00a0\u00bb width=\u00a0\u00bb76%\u00a0\u00bb global_colors_info=\u00a0\u00bb{}\u00a0\u00bb][\/et_pb_image][\/et_pb_column][\/et_pb_row][et_pb_row column_structure=\u00a0\u00bb1_2,1_2&Prime; _builder_version=\u00a0\u00bb4.7.3&Prime; _module_preset=\u00a0\u00bbdefault\u00a0\u00bb global_colors_info=\u00a0\u00bb{}\u00a0\u00bb][et_pb_column type=\u00a0\u00bb1_2&Prime; _builder_version=\u00a0\u00bb4.7.3&Prime; _module_preset=\u00a0\u00bbdefault\u00a0\u00bb global_colors_info=\u00a0\u00bb{}\u00a0\u00bb][et_pb_text _builder_version=\u00a0\u00bb4.7.3&Prime; global_colors_info=\u00a0\u00bb{}\u00a0\u00bb]<\/p>\n<h1 style=\"text-align: center;\">\u00a0T\u00e9l\u00e9charger le programme de formation :<\/h1>\n<h2 style=\"text-align: center;\"><span style=\"color: #008000;\"><strong><a href=\"https:\/\/www.schneider-prevention.fr\/wp-content\/uploads\/2021\/03\/Devenir-acteur-PRAP-2S.pdf\" rel=\"attachment wp-att-1391\">Devenir acteur PRAP 2S-ALM<\/a><\/strong><\/span><\/h2>\n<p>[\/et_pb_text][\/et_pb_column][et_pb_column type=\u00a0\u00bb1_2&Prime; _builder_version=\u00a0\u00bb4.7.3&Prime; _module_preset=\u00a0\u00bbdefault\u00a0\u00bb global_colors_info=\u00a0\u00bb{}\u00a0\u00bb][et_pb_text _builder_version=\u00a0\u00bb4.7.3&Prime; global_colors_info=\u00a0\u00bb{}\u00a0\u00bb]<\/p>\n<h1 style=\"text-align: center;\">\u00a0T\u00e9l\u00e9charger le programme de formation :<\/h1>\n<h2 style=\"text-align: center;\"><span style=\"color: #ff0000;\"><strong><a href=\"https:\/\/www.schneider-prevention.fr\/wp-content\/uploads\/2021\/03\/Devenir-Formateur-PRAP-2S.pdf\" rel=\"attachment wp-att-1392\" style=\"color: #ff0000;\">Devenir Formateur PRAP 2S-ALM<\/a><\/strong><\/span><strong><a href=\"https:\/\/www.schneider-prevention.fr\/wp-content\/uploads\/2021\/03\/Devenir-Formateur-PRAP-2S.pdf\" rel=\"attachment wp-att-1392\"><\/a><\/strong><span style=\"color: #008000;\"><strong><a href=\"https:\/\/www.schneider-prevention.fr\/wp-content\/uploads\/2021\/03\/Devenir-Formateur-PRAP-2S.pdf\" rel=\"attachment wp-att-1392\"><\/a><\/strong><\/span><\/h2>\n<p>[\/et_pb_text][et_pb_text _builder_version=\u00a0\u00bb4.7.3&Prime; _module_preset=\u00a0\u00bbdefault\u00a0\u00bb global_colors_info=\u00a0\u00bb{}\u00a0\u00bb]<\/p>\n<p><em>PS : Lorsque vous \u00eates formateur PRAP2S-ALM, vous \u00eates par \u00e9quivalence formateur PRAP IBC.<\/em><\/p>\n<p>[\/et_pb_text][\/et_pb_column][\/et_pb_row][et_pb_row column_structure=\u00a0\u00bb1_5,1_5,1_5,1_5,1_5&Prime; _builder_version=\u00a0\u00bb4.10.5&Prime; _module_preset=\u00a0\u00bbdefault\u00a0\u00bb global_colors_info=\u00a0\u00bb{}\u00a0\u00bb][et_pb_column type=\u00a0\u00bb1_5&Prime; _builder_version=\u00a0\u00bb4.10.5&Prime; _module_preset=\u00a0\u00bbdefault\u00a0\u00bb global_colors_info=\u00a0\u00bb{}\u00a0\u00bb][et_pb_circle_counter title=\u00a0\u00bb% de satisfaction\u00a0\u00bb number=\u00a0\u00bb98&Prime; bar_bg_color=\u00a0\u00bb#0C71C3&Prime; circle_color=\u00a0\u00bb#e02b20&Prime; _builder_version=\u00a0\u00bb4.10.5&Prime; title_text_color=\u00a0\u00bb#000000&Prime; background_color=\u00a0\u00bb#ffffff\u00a0\u00bb global_colors_info=\u00a0\u00bb{}\u00a0\u00bb][\/et_pb_circle_counter][\/et_pb_column][et_pb_column type=\u00a0\u00bb1_5&Prime; _builder_version=\u00a0\u00bb4.10.5&Prime; _module_preset=\u00a0\u00bbdefault\u00a0\u00bb global_colors_info=\u00a0\u00bb{}\u00a0\u00bb][et_pb_circle_counter title=\u00a0\u00bbde r\u00e9ussite\u00a0\u00bb number=\u00a0\u00bb100&Prime; bar_bg_color=\u00a0\u00bb#e02b20&Prime; circle_color=\u00a0\u00bb#e02b20&Prime; _builder_version=\u00a0\u00bb4.10.5&Prime; title_text_color=\u00a0\u00bb#000000&Prime; background_color=\u00a0\u00bb#ffffff\u00a0\u00bb global_colors_info=\u00a0\u00bb{}\u00a0\u00bb][\/et_pb_circle_counter][\/et_pb_column][et_pb_column _builder_version=\u00a0\u00bb4.10.5&Prime; _module_preset=\u00a0\u00bbdefault\u00a0\u00bb type=\u00a0\u00bb1_5&Prime;][et_pb_divider _builder_version=\u00a0\u00bb4.10.5&Prime; _module_preset=\u00a0\u00bbdefault\u00a0\u00bb divider_position=\u00a0\u00bbcenter\u00a0\u00bb divider_style=\u00a0\u00bbridge\u00a0\u00bb hover_enabled=\u00a0\u00bb0&Prime; sticky_enabled=\u00a0\u00bb0&Prime;][\/et_pb_divider][\/et_pb_column][et_pb_column type=\u00a0\u00bb1_5&Prime; _builder_version=\u00a0\u00bb4.10.5&Prime; _module_preset=\u00a0\u00bbdefault\u00a0\u00bb global_colors_info=\u00a0\u00bb{}\u00a0\u00bb][et_pb_circle_counter title=\u00a0\u00bbde r\u00e9ussite\u00a0\u00bb number=\u00a0\u00bb80&Prime; bar_bg_color=\u00a0\u00bb#e02b20&Prime; circle_color=\u00a0\u00bb#e02b20&Prime; _builder_version=\u00a0\u00bb4.10.5&Prime; title_text_color=\u00a0\u00bb#000000&Prime; background_color=\u00a0\u00bb#ffffff\u00a0\u00bb global_colors_info=\u00a0\u00bb{}\u00a0\u00bb][\/et_pb_circle_counter][\/et_pb_column][et_pb_column type=\u00a0\u00bb1_5&Prime; _builder_version=\u00a0\u00bb4.10.5&Prime; _module_preset=\u00a0\u00bbdefault\u00a0\u00bb global_colors_info=\u00a0\u00bb{}\u00a0\u00bb][et_pb_circle_counter title=\u00a0\u00bb% de satisfaction\u00a0\u00bb number=\u00a0\u00bb84&Prime; bar_bg_color=\u00a0\u00bb#0C71C3&Prime; circle_color=\u00a0\u00bb#e02b20&Prime; _builder_version=\u00a0\u00bb4.10.5&Prime; title_text_color=\u00a0\u00bb#000000&Prime; background_color=\u00a0\u00bb#ffffff\u00a0\u00bb global_colors_info=\u00a0\u00bb{}\u00a0\u00bb][\/et_pb_circle_counter][\/et_pb_column][\/et_pb_row][\/et_pb_section]<\/p>\n","protected":false},"excerpt":{"rendered":"<p>PRAP 2S-ALM Pr\u00e9vention des risques li\u00e9s \u00e0 l&rsquo;activit\u00e9 physique dans le domaine sanitaire et social Aide \u00e0 la mobilit\u00e9Schneider Pr\u00e9vention Guyane est conventionn\u00e9 avec l&rsquo;organisme de formation H2S formation pour les formations PRAP2S. Cette convention pr\u00e9voit la gestion de la session de formation sous la responsabilit\u00e9 de Schneider Pr\u00e9vention Guyane et la certification sous l&rsquo;habilitation [&hellip;]<\/p>\n","protected":false},"author":2,"featured_media":0,"parent":0,"menu_order":0,"comment_status":"closed","ping_status":"closed","template":"","meta":{"_et_pb_use_builder":"on","_et_pb_old_content":"","_et_gb_content_width":"","footnotes":""},"class_list":["post-1379","page","type-page","status-publish","hentry"],"_links":{"self":[{"href":"https:\/\/www.schneider-prevention.fr\/index.php\/wp-json\/wp\/v2\/pages\/1379","targetHints":{"allow":["GET"]}}],"collection":[{"href":"https:\/\/www.schneider-prevention.fr\/index.php\/wp-json\/wp\/v2\/pages"}],"about":[{"href":"https:\/\/www.schneider-prevention.fr\/index.php\/wp-json\/wp\/v2\/types\/page"}],"author":[{"embeddable":true,"href":"https:\/\/www.schneider-prevention.fr\/index.php\/wp-json\/wp\/v2\/users\/2"}],"replies":[{"embeddable":true,"href":"https:\/\/www.schneider-prevention.fr\/index.php\/wp-json\/wp\/v2\/comments?post=1379"}],"version-history":[{"count":6,"href":"https:\/\/www.schneider-prevention.fr\/index.php\/wp-json\/wp\/v2\/pages\/1379\/revisions"}],"predecessor-version":[{"id":1668,"href":"https:\/\/www.schneider-prevention.fr\/index.php\/wp-json\/wp\/v2\/pages\/1379\/revisions\/1668"}],"wp:attachment":[{"href":"https:\/\/www.schneider-prevention.fr\/index.php\/wp-json\/wp\/v2\/media?parent=1379"}],"curies":[{"name":"wp","href":"https:\/\/api.w.org\/{rel}","templated":true}]}}