{"id":1065,"date":"2020-09-23T11:06:52","date_gmt":"2020-09-23T09:06:52","guid":{"rendered":"http:\/\/www.schneider-prevention.fr\/?page_id=1065"},"modified":"2026-01-25T02:07:48","modified_gmt":"2026-01-25T01:07:48","slug":"gestes-et-postures-2","status":"publish","type":"page","link":"https:\/\/www.schneider-prevention.fr\/index.php\/gestes-et-postures-2\/","title":{"rendered":"Gestes et postures"},"content":{"rendered":"<p>[et_pb_section fb_built=\u00a0\u00bb1&Prime; _builder_version=\u00a0\u00bb4.16&Prime; _module_preset=\u00a0\u00bbdefault\u00a0\u00bb global_colors_info=\u00a0\u00bb{}\u00a0\u00bb][et_pb_row _builder_version=\u00a0\u00bb4.27.5&Prime; _module_preset=\u00a0\u00bbdefault\u00a0\u00bb][et_pb_column _builder_version=\u00a0\u00bb4.27.5&Prime; _module_preset=\u00a0\u00bbdefault\u00a0\u00bb type=\u00a0\u00bb4_4&Prime;][et_pb_image src=\u00a0\u00bbhttps:\/\/www.schneider-prevention.fr\/wp-content\/uploads\/2026\/01\/Pere-Castor-de-la-Prevention-raconte-nous-une-histoir.jpg\u00a0\u00bb _builder_version=\u00a0\u00bb4.27.5&Prime; _module_preset=\u00a0\u00bbdefault\u00a0\u00bb hover_enabled=\u00a0\u00bb0&Prime; sticky_enabled=\u00a0\u00bb0&Prime; title_text=\u00a0\u00bbP\u00e8re Castor de la Pr\u00e9vention, raconte-nous une histoir!\u00a0\u00bb][\/et_pb_image][\/et_pb_column][\/et_pb_row][et_pb_row _builder_version=\u00a0\u00bb4.27.5&Prime; _module_preset=\u00a0\u00bbdefault\u00a0\u00bb column_structure=\u00a0\u00bb1_2,1_2&Prime;][et_pb_column _builder_version=\u00a0\u00bb4.27.5&Prime; _module_preset=\u00a0\u00bbdefault\u00a0\u00bb type=\u00a0\u00bb1_2&Prime;][et_pb_text _builder_version=\u00a0\u00bb4.27.5&Prime; _module_preset=\u00a0\u00bbdefault\u00a0\u00bb hover_enabled=\u00a0\u00bb0&Prime; sticky_enabled=\u00a0\u00bb0&Prime; background_color=\u00a0\u00bb#7CDA24&Prime;]<\/p>\n<h1 style=\"text-align: center;\"><a href=\"https:\/\/www.schneider-prevention.fr\/wp-content\/uploads\/2026\/01\/Pere-Castor-de-la-Prevention-ECO-CONDUITE.pdf\" rel=\"attachment wp-att-2275\"><span style=\"color: #000000;\"><strong>P\u00e8re Castor de la Pr\u00e9vention ECO CONDUITE<\/strong><\/span><\/a><\/h1>\n<p>[\/et_pb_text][\/et_pb_column][et_pb_column _builder_version=\u00a0\u00bb4.27.5&Prime; _module_preset=\u00a0\u00bbdefault\u00a0\u00bb type=\u00a0\u00bb1_2&Prime;][et_pb_text _builder_version=\u00a0\u00bb4.27.5&Prime; _module_preset=\u00a0\u00bbdefault\u00a0\u00bb hover_enabled=\u00a0\u00bb0&Prime; sticky_enabled=\u00a0\u00bb0&Prime; background_color=\u00a0\u00bb#E02B20&Prime;]<\/p>\n<h1 style=\"text-align: center;\"><span style=\"color: #000000;\"><strong><a href=\"https:\/\/www.schneider-prevention.fr\/wp-content\/uploads\/2026\/01\/Pere-Castor-de-la-prevention-Le-theatre-de-la-clairiere-ou-tout-le-monde-savait.pdf\" rel=\"attachment wp-att-2274\" style=\"color: #000000;\">P\u00e8re Castor de la pr\u00e9vention, Le th\u00e9\u00e2tre de la clairi\u00e8re o\u00f9 tout le monde savait<\/a><\/strong><\/span><\/h1>\n<p>[\/et_pb_text][\/et_pb_column][\/et_pb_row][\/et_pb_section]<\/p>\n","protected":false},"excerpt":{"rendered":"<p>P\u00e8re Castor de la Pr\u00e9vention ECO CONDUITEP\u00e8re Castor de la pr\u00e9vention, Le th\u00e9\u00e2tre de la clairi\u00e8re o\u00f9 tout le monde savait<\/p>\n","protected":false},"author":2,"featured_media":0,"parent":0,"menu_order":0,"comment_status":"closed","ping_status":"closed","template":"","meta":{"_et_pb_use_builder":"on","_et_pb_old_content":"","_et_gb_content_width":"","footnotes":""},"class_list":["post-1065","page","type-page","status-publish","hentry"],"_links":{"self":[{"href":"https:\/\/www.schneider-prevention.fr\/index.php\/wp-json\/wp\/v2\/pages\/1065","targetHints":{"allow":["GET"]}}],"collection":[{"href":"https:\/\/www.schneider-prevention.fr\/index.php\/wp-json\/wp\/v2\/pages"}],"about":[{"href":"https:\/\/www.schneider-prevention.fr\/index.php\/wp-json\/wp\/v2\/types\/page"}],"author":[{"embeddable":true,"href":"https:\/\/www.schneider-prevention.fr\/index.php\/wp-json\/wp\/v2\/users\/2"}],"replies":[{"embeddable":true,"href":"https:\/\/www.schneider-prevention.fr\/index.php\/wp-json\/wp\/v2\/comments?post=1065"}],"version-history":[{"count":4,"href":"https:\/\/www.schneider-prevention.fr\/index.php\/wp-json\/wp\/v2\/pages\/1065\/revisions"}],"predecessor-version":[{"id":2276,"href":"https:\/\/www.schneider-prevention.fr\/index.php\/wp-json\/wp\/v2\/pages\/1065\/revisions\/2276"}],"wp:attachment":[{"href":"https:\/\/www.schneider-prevention.fr\/index.php\/wp-json\/wp\/v2\/media?parent=1065"}],"curies":[{"name":"wp","href":"https:\/\/api.w.org\/{rel}","templated":true}]}}